{"id":2844,"date":"2018-03-06T08:16:16","date_gmt":"2018-03-06T08:16:16","guid":{"rendered":"https:\/\/gaviaspreview.com\/wp\/kipso\/?page_id=2844"},"modified":"2023-09-15T09:53:15","modified_gmt":"2023-09-15T06:53:15","slug":"subelerimiz","status":"publish","type":"page","link":"https:\/\/gaziantepelitegitim.com\/index.php\/subelerimiz\/","title":{"rendered":"\u015fubelerimiz"},"content":{"rendered":"\t\t<div data-elementor-type=\"wp-post\" data-elementor-id=\"2844\" class=\"elementor elementor-2844\">\n\t\t\t\t\t\t<section class=\"elementor-section elementor-top-section elementor-element elementor-element-7059051 elementor-section-boxed elementor-section-height-default elementor-section-height-default\" data-id=\"7059051\" data-element_type=\"section\">\n\t\t\t\t\t\t<div class=\"elementor-container elementor-column-gap-default\">\n\t\t\t\t\t<div class=\"elementor-column elementor-col-100 elementor-top-column elementor-element elementor-element-0fa040d\" data-id=\"0fa040d\" data-element_type=\"column\">\n\t\t\t<div class=\"elementor-widget-wrap elementor-element-populated\">\n\t\t\t\t\t\t<section class=\"elementor-section elementor-inner-section elementor-element elementor-element-22f01c3 elementor-section-boxed elementor-section-height-default elementor-section-height-default\" data-id=\"22f01c3\" data-element_type=\"section\">\n\t\t\t\t\t\t<div class=\"elementor-container elementor-column-gap-default\">\n\t\t\t\t\t<div class=\"elementor-column elementor-col-25 elementor-inner-column elementor-element elementor-element-7388760\" data-id=\"7388760\" data-element_type=\"column\">\n\t\t\t<div class=\"elementor-widget-wrap elementor-element-populated\">\n\t\t\t\t\t\t<div class=\"elementor-element elementor-element-847e707 elementor-position-top elementor-widget elementor-widget-image-box\" data-id=\"847e707\" data-element_type=\"widget\" data-widget_type=\"image-box.default\">\n\t\t\t\t<div class=\"elementor-widget-container\">\n\t\t\t\t\t<div class=\"elementor-image-box-wrapper\"><figure class=\"elementor-image-box-img\"><img fetchpriority=\"high\" decoding=\"async\" width=\"768\" height=\"1300\" src=\"https:\/\/gaziantepelitegitim.com\/wp-content\/uploads\/2023\/09\/location-icon-design-free-png-768x1300.webp\" class=\"attachment-medium_large size-medium_large wp-image-7441\" alt=\"\" \/><\/figure><div class=\"elementor-image-box-content\"><h3 class=\"elementor-image-box-title\">\t \u0130brahimli<\/h3><p class=\"elementor-image-box-description\">0555 195 2027<\/p><\/div><\/div>\t\t\t\t<\/div>\n\t\t\t\t<\/div>\n\t\t\t\t\t<\/div>\n\t\t<\/div>\n\t\t\t\t<div class=\"elementor-column elementor-col-25 elementor-inner-column elementor-element elementor-element-326fe60\" data-id=\"326fe60\" data-element_type=\"column\">\n\t\t\t<div class=\"elementor-widget-wrap elementor-element-populated\">\n\t\t\t\t\t\t<div class=\"elementor-element elementor-element-eaa18fc elementor-position-top elementor-widget elementor-widget-image-box\" data-id=\"eaa18fc\" data-element_type=\"widget\" data-widget_type=\"image-box.default\">\n\t\t\t\t<div class=\"elementor-widget-container\">\n\t\t\t\t\t<div class=\"elementor-image-box-wrapper\"><figure class=\"elementor-image-box-img\"><img decoding=\"async\" width=\"240\" height=\"360\" src=\"https:\/\/gaziantepelitegitim.com\/wp-content\/uploads\/2023\/09\/mavi-konum.png\" class=\"attachment-full size-full wp-image-7443\" alt=\"\" \/><\/figure><div class=\"elementor-image-box-content\"><h3 class=\"elementor-image-box-title\">F\u0131st\u0131kl\u0131k<\/h3><p class=\"elementor-image-box-description\">0552 835 2627<\/p><\/div><\/div>\t\t\t\t<\/div>\n\t\t\t\t<\/div>\n\t\t\t\t\t<\/div>\n\t\t<\/div>\n\t\t\t\t<div class=\"elementor-column elementor-col-25 elementor-inner-column elementor-element elementor-element-a9cc870\" data-id=\"a9cc870\" data-element_type=\"column\">\n\t\t\t<div class=\"elementor-widget-wrap elementor-element-populated\">\n\t\t\t\t\t\t<div class=\"elementor-element elementor-element-bf68cdd elementor-position-top elementor-widget elementor-widget-image-box\" data-id=\"bf68cdd\" data-element_type=\"widget\" data-widget_type=\"image-box.default\">\n\t\t\t\t<div class=\"elementor-widget-container\">\n\t\t\t\t\t<div class=\"elementor-image-box-wrapper\"><figure class=\"elementor-image-box-img\"><img decoding=\"async\" width=\"1134\" height=\"1920\" src=\"https:\/\/gaziantepelitegitim.com\/wp-content\/uploads\/2023\/09\/location-icon-design-free-png.webp\" class=\"attachment-full size-full wp-image-7441\" alt=\"\" \/><\/figure><div class=\"elementor-image-box-content\"><h3 class=\"elementor-image-box-title\">\t Karata\u015f 1. B\u00f6lge<\/h3><p class=\"elementor-image-box-description\">0545 875 3546<\/p><\/div><\/div>\t\t\t\t<\/div>\n\t\t\t\t<\/div>\n\t\t\t\t\t<\/div>\n\t\t<\/div>\n\t\t\t\t<div class=\"elementor-column elementor-col-25 elementor-inner-column elementor-element elementor-element-166e67f\" data-id=\"166e67f\" data-element_type=\"column\">\n\t\t\t<div class=\"elementor-widget-wrap elementor-element-populated\">\n\t\t\t\t\t\t<div class=\"elementor-element elementor-element-e52ab88 elementor-position-top elementor-widget elementor-widget-image-box\" data-id=\"e52ab88\" data-element_type=\"widget\" data-widget_type=\"image-box.default\">\n\t\t\t\t<div class=\"elementor-widget-container\">\n\t\t\t\t\t<div class=\"elementor-image-box-wrapper\"><figure class=\"elementor-image-box-img\"><img decoding=\"async\" width=\"240\" height=\"360\" src=\"https:\/\/gaziantepelitegitim.com\/wp-content\/uploads\/2023\/09\/mavi-konum.png\" class=\"attachment-full size-full wp-image-7443\" alt=\"\" \/><\/figure><div class=\"elementor-image-box-content\"><h3 class=\"elementor-image-box-title\">Karata\u015f Zebercet<\/h3><p class=\"elementor-image-box-description\">0545 875 3546<\/p><\/div><\/div>\t\t\t\t<\/div>\n\t\t\t\t<\/div>\n\t\t\t\t\t<\/div>\n\t\t<\/div>\n\t\t\t\t\t<\/div>\n\t\t<\/section>\n\t\t\t\t\t<\/div>\n\t\t<\/div>\n\t\t\t\t\t<\/div>\n\t\t<\/section>\n\t\t\t\t<section class=\"elementor-section elementor-top-section elementor-element elementor-element-bc6084a elementor-section-boxed elementor-section-height-default elementor-section-height-default\" data-id=\"bc6084a\" data-element_type=\"section\">\n\t\t\t\t\t\t<div class=\"elementor-container elementor-column-gap-default\">\n\t\t\t\t\t<div class=\"elementor-column elementor-col-25 elementor-top-column elementor-element elementor-element-3c43635\" data-id=\"3c43635\" data-element_type=\"column\">\n\t\t\t<div class=\"elementor-widget-wrap elementor-element-populated\">\n\t\t\t\t\t\t<div class=\"elementor-element elementor-element-9610c07 elementor-widget elementor-widget-google_maps\" data-id=\"9610c07\" data-element_type=\"widget\" data-widget_type=\"google_maps.default\">\n\t\t\t\t<div class=\"elementor-widget-container\">\n\t\t\t\t\t\t\t<div class=\"elementor-custom-embed\">\n\t\t\t<iframe loading=\"lazy\"\n\t\t\t\t\tsrc=\"https:\/\/maps.google.com\/maps?q=Bat%C4%B1kent%2C%20Adnan%20%C4%B0nan%C4%B1c%C4%B1%20Cd.%20no%3A45%2C%2027000%20%C5%9Eehitkamil%2FGaziantep&#038;t=m&#038;z=16&#038;output=embed&#038;iwloc=near\"\n\t\t\t\t\ttitle=\"Bat\u0131kent, Adnan \u0130nan\u0131c\u0131 Cd. no:45, 27000 \u015eehitkamil\/Gaziantep\"\n\t\t\t\t\taria-label=\"Bat\u0131kent, Adnan \u0130nan\u0131c\u0131 Cd. no:45, 27000 \u015eehitkamil\/Gaziantep\"\n\t\t\t><\/iframe>\n\t\t<\/div>\n\t\t\t\t\t\t<\/div>\n\t\t\t\t<\/div>\n\t\t\t\t\t<\/div>\n\t\t<\/div>\n\t\t\t\t<div class=\"elementor-column elementor-col-25 elementor-top-column elementor-element elementor-element-c3707c0\" data-id=\"c3707c0\" data-element_type=\"column\">\n\t\t\t<div class=\"elementor-widget-wrap elementor-element-populated\">\n\t\t\t\t\t\t<div class=\"elementor-element elementor-element-6bfb1d4 elementor-widget elementor-widget-google_maps\" data-id=\"6bfb1d4\" data-element_type=\"widget\" data-widget_type=\"google_maps.default\">\n\t\t\t\t<div class=\"elementor-widget-container\">\n\t\t\t\t\t\t\t<div class=\"elementor-custom-embed\">\n\t\t\t<iframe loading=\"lazy\"\n\t\t\t\t\tsrc=\"https:\/\/maps.google.com\/maps?q=FISTIKLIK%20MAH.%20TURGUT%20%C3%96ZAL%20BULVARI%20276%2FA%2C%20%C5%9Eehitkamil%2FGaziantep&#038;t=m&#038;z=11&#038;output=embed&#038;iwloc=near\"\n\t\t\t\t\ttitle=\"FISTIKLIK MAH. TURGUT \u00d6ZAL BULVARI 276\/A, \u015eehitkamil\/Gaziantep\"\n\t\t\t\t\taria-label=\"FISTIKLIK MAH. TURGUT \u00d6ZAL BULVARI 276\/A, \u015eehitkamil\/Gaziantep\"\n\t\t\t><\/iframe>\n\t\t<\/div>\n\t\t\t\t\t\t<\/div>\n\t\t\t\t<\/div>\n\t\t\t\t\t<\/div>\n\t\t<\/div>\n\t\t\t\t<div class=\"elementor-column elementor-col-25 elementor-top-column elementor-element elementor-element-0171818\" data-id=\"0171818\" data-element_type=\"column\">\n\t\t\t<div class=\"elementor-widget-wrap elementor-element-populated\">\n\t\t\t\t\t\t<div class=\"elementor-element elementor-element-47d7883 elementor-widget elementor-widget-google_maps\" data-id=\"47d7883\" data-element_type=\"widget\" data-widget_type=\"google_maps.default\">\n\t\t\t\t<div class=\"elementor-widget-container\">\n\t\t\t\t\t\t\t<div class=\"elementor-custom-embed\">\n\t\t\t<iframe loading=\"lazy\"\n\t\t\t\t\tsrc=\"https:\/\/maps.google.com\/maps?q=%C5%9Eahintepe%2C%2027470%20%C5%9Eahinbey%2FGaziantep%2C%20T%C3%BCrkiye&#038;t=m&#038;z=16&#038;output=embed&#038;iwloc=near\"\n\t\t\t\t\ttitle=\"\u015eahintepe, 27470 \u015eahinbey\/Gaziantep, T\u00fcrkiye\"\n\t\t\t\t\taria-label=\"\u015eahintepe, 27470 \u015eahinbey\/Gaziantep, T\u00fcrkiye\"\n\t\t\t><\/iframe>\n\t\t<\/div>\n\t\t\t\t\t\t<\/div>\n\t\t\t\t<\/div>\n\t\t\t\t\t<\/div>\n\t\t<\/div>\n\t\t\t\t<div class=\"elementor-column elementor-col-25 elementor-top-column elementor-element elementor-element-7f9f081\" data-id=\"7f9f081\" data-element_type=\"column\">\n\t\t\t<div class=\"elementor-widget-wrap elementor-element-populated\">\n\t\t\t\t\t\t<div class=\"elementor-element elementor-element-520af08 elementor-widget elementor-widget-google_maps\" data-id=\"520af08\" data-element_type=\"widget\" data-widget_type=\"google_maps.default\">\n\t\t\t\t<div class=\"elementor-widget-container\">\n\t\t\t\t\t\t\t<div class=\"elementor-custom-embed\">\n\t\t\t<iframe loading=\"lazy\"\n\t\t\t\t\tsrc=\"https:\/\/maps.google.com\/maps?q=B%C3%BClb%C3%BClzade%20Mahallesi%20Ye%C5%9Filvadi%20Bulvar%C4%B1%20No%3A177%2FBE%2C%2027470%20%C5%9Eahinbey%2C%20T%C3%BCrkiye&#038;t=m&#038;z=13&#038;output=embed&#038;iwloc=near\"\n\t\t\t\t\ttitle=\"B\u00fclb\u00fclzade Mahallesi Ye\u015filvadi Bulvar\u0131 No:177\/BE, 27470 \u015eahinbey, T\u00fcrkiye\"\n\t\t\t\t\taria-label=\"B\u00fclb\u00fclzade Mahallesi Ye\u015filvadi Bulvar\u0131 No:177\/BE, 27470 \u015eahinbey, T\u00fcrkiye\"\n\t\t\t><\/iframe>\n\t\t<\/div>\n\t\t\t\t\t\t<\/div>\n\t\t\t\t<\/div>\n\t\t\t\t\t<\/div>\n\t\t<\/div>\n\t\t\t\t\t<\/div>\n\t\t<\/section>\n\t\t\t\t<\/div>\n\t\t","protected":false},"excerpt":{"rendered":"<p>\u0130brahimli 0555 195 2027 F\u0131st\u0131kl\u0131k 0552 835 2627 Karata\u015f 1. B\u00f6lge 0545 875 3546 Karata\u015f Zebercet 0545 875 3546<\/p>\n","protected":false},"author":1,"featured_media":0,"parent":0,"menu_order":0,"comment_status":"closed","ping_status":"closed","template":"","meta":{"footnotes":""},"class_list":["post-2844","page","type-page","status-publish","hentry"],"aioseo_notices":[],"_links":{"self":[{"href":"https:\/\/gaziantepelitegitim.com\/index.php\/wp-json\/wp\/v2\/pages\/2844","targetHints":{"allow":["GET"]}}],"collection":[{"href":"https:\/\/gaziantepelitegitim.com\/index.php\/wp-json\/wp\/v2\/pages"}],"about":[{"href":"https:\/\/gaziantepelitegitim.com\/index.php\/wp-json\/wp\/v2\/types\/page"}],"author":[{"embeddable":true,"href":"https:\/\/gaziantepelitegitim.com\/index.php\/wp-json\/wp\/v2\/users\/1"}],"replies":[{"embeddable":true,"href":"https:\/\/gaziantepelitegitim.com\/index.php\/wp-json\/wp\/v2\/comments?post=2844"}],"version-history":[{"count":35,"href":"https:\/\/gaziantepelitegitim.com\/index.php\/wp-json\/wp\/v2\/pages\/2844\/revisions"}],"predecessor-version":[{"id":7484,"href":"https:\/\/gaziantepelitegitim.com\/index.php\/wp-json\/wp\/v2\/pages\/2844\/revisions\/7484"}],"wp:attachment":[{"href":"https:\/\/gaziantepelitegitim.com\/index.php\/wp-json\/wp\/v2\/media?parent=2844"}],"curies":[{"name":"wp","href":"https:\/\/api.w.org\/{rel}","templated":true}]}}