{"id":610,"date":"2016-03-07T03:10:46","date_gmt":"2016-03-07T03:10:46","guid":{"rendered":"https:\/\/gaviaspreview.com\/wp\/kipso\/?page_id=610"},"modified":"2023-09-11T11:14:15","modified_gmt":"2023-09-11T08:14:15","slug":"iletisim","status":"publish","type":"page","link":"https:\/\/gaziantepelitegitim.com\/index.php\/iletisim\/","title":{"rendered":"\u0130leti\u015fim"},"content":{"rendered":"\t\t<div data-elementor-type=\"wp-post\" data-elementor-id=\"610\" class=\"elementor elementor-610\">\n\t\t\t\t\t\t<section class=\"elementor-section elementor-top-section elementor-element elementor-element-fcf5729 elementor-section-boxed elementor-section-height-default elementor-section-height-default\" data-id=\"fcf5729\" data-element_type=\"section\">\n\t\t\t\t\t\t<div class=\"elementor-container elementor-column-gap-default\">\n\t\t\t\t\t<div class=\"elementor-column elementor-col-33 elementor-top-column elementor-element elementor-element-ee2f25a\" data-id=\"ee2f25a\" data-element_type=\"column\">\n\t\t\t<div class=\"elementor-widget-wrap elementor-element-populated\">\n\t\t\t\t\t\t<div class=\"elementor-element elementor-element-b417a2b elementor-widget elementor-widget-gva-icon-box-styles\" data-id=\"b417a2b\" data-element_type=\"widget\" data-widget_type=\"gva-icon-box-styles.default\">\n\t\t\t\t<div class=\"elementor-widget-container\">\n\t\t\t\t\t<div class=\"gva-element-gva-icon-box-styles gva-element\">\r\n   \r\n         <div class=\"widget gsc-icon-box-styles style-2\">\r\n         <div class=\"block-content\">\r\n                           <div class=\"icon-inner\">\r\n                                       <span class=\"icon icon-image\"><img decoding=\"async\" src=\"http:\/\/gaziantepelitegitim.com\/wp-content\/uploads\/revslider\/home1\/slider-1-2_icon-4.png\" alt=\"Email Adresi\"\/><\/span>\r\n                     \r\n               <\/div>\r\n            \r\n            <div class=\"content-inner\">\r\n                                 <h3 class=\"title\">\r\n                     Email Adresi                  <\/h3>\r\n                                                <div class=\"desc\">infop@gaziantepelitegitim.com<\/div>\r\n                           <\/div>\r\n         <\/div>   \r\n      <\/div> \r\n   \r\n      \r\n\r\n\r\n<\/div>\t\t\t\t<\/div>\n\t\t\t\t<\/div>\n\t\t\t\t\t<\/div>\n\t\t<\/div>\n\t\t\t\t<div class=\"elementor-column elementor-col-33 elementor-top-column elementor-element elementor-element-bfc3b2e\" data-id=\"bfc3b2e\" data-element_type=\"column\">\n\t\t\t<div class=\"elementor-widget-wrap elementor-element-populated\">\n\t\t\t\t\t\t<div class=\"elementor-element elementor-element-adbae7f elementor-widget elementor-widget-gva-icon-box-styles\" data-id=\"adbae7f\" data-element_type=\"widget\" data-widget_type=\"gva-icon-box-styles.default\">\n\t\t\t\t<div class=\"elementor-widget-container\">\n\t\t\t\t\t<div class=\"gva-element-gva-icon-box-styles gva-element\">\r\n   \r\n         <div class=\"widget gsc-icon-box-styles style-2\">\r\n         <div class=\"block-content\">\r\n                           <div class=\"icon-inner\">\r\n                                       <span class=\"icon icon-image\"><img decoding=\"async\" src=\"https:\/\/gaviaspreview.com\/wp\/kipso\/wp-content\/uploads\/2019\/09\/icon-7.png\" alt=\"Konumumuz\"\/><\/span>\r\n                     \r\n               <\/div>\r\n            \r\n            <div class=\"content-inner\">\r\n                                 <h3 class=\"title\">\r\n                     Konumumuz                  <\/h3>\r\n                                                <div class=\"desc\">Bat\u0131kent, Adnan \u0130nan\u0131c\u0131 Cd. no:45, 27000 \u015eehitkamil\/Gaziantep<\/div>\r\n                           <\/div>\r\n         <\/div>   \r\n      <\/div> \r\n   \r\n      \r\n\r\n\r\n<\/div>\t\t\t\t<\/div>\n\t\t\t\t<\/div>\n\t\t\t\t\t<\/div>\n\t\t<\/div>\n\t\t\t\t<div class=\"elementor-column elementor-col-33 elementor-top-column elementor-element elementor-element-e55b1ce\" data-id=\"e55b1ce\" data-element_type=\"column\">\n\t\t\t<div class=\"elementor-widget-wrap elementor-element-populated\">\n\t\t\t\t\t\t<div class=\"elementor-element elementor-element-67e692f elementor-widget elementor-widget-gva-icon-box-styles\" data-id=\"67e692f\" data-element_type=\"widget\" data-widget_type=\"gva-icon-box-styles.default\">\n\t\t\t\t<div class=\"elementor-widget-container\">\n\t\t\t\t\t<div class=\"gva-element-gva-icon-box-styles gva-element\">\r\n   \r\n         <div class=\"widget gsc-icon-box-styles style-2\">\r\n         <div class=\"block-content\">\r\n                           <div class=\"icon-inner\">\r\n                                       <span class=\"icon icon-image\"><img decoding=\"async\" src=\"https:\/\/gaviaspreview.com\/wp\/kipso\/wp-content\/uploads\/2019\/09\/icon-8.png\" alt=\"\u0130leti\u015fim Hatlar\u0131m\u0131z\"\/><\/span>\r\n                     \r\n               <\/div>\r\n            \r\n            <div class=\"content-inner\">\r\n                                 <h3 class=\"title\">\r\n                     \u0130leti\u015fim Hatlar\u0131m\u0131z                  <\/h3>\r\n                                                <div class=\"desc\">\nKarata\u015f 1. B\u00f6lge : 0 535 715 98 80 <br>\n\nF\u0131st\u0131kl\u0131k : 0 552 835 26 27<br>\n\nKarata\u015f Zebercet : 0 545 875 35 46<br>\n\n\u0130brahimli : 0 555 195 20 27 <br>\n0 552 711 29 22\n<\/div>\r\n                           <\/div>\r\n         <\/div>   \r\n      <\/div> \r\n   \r\n      \r\n\r\n\r\n<\/div>\t\t\t\t<\/div>\n\t\t\t\t<\/div>\n\t\t\t\t\t<\/div>\n\t\t<\/div>\n\t\t\t\t\t<\/div>\n\t\t<\/section>\n\t\t\t\t<section class=\"elementor-section elementor-top-section elementor-element elementor-element-f480762 elementor-section-boxed elementor-section-height-default elementor-section-height-default\" data-id=\"f480762\" data-element_type=\"section\">\n\t\t\t\t\t\t<div class=\"elementor-container elementor-column-gap-default\">\n\t\t\t\t\t<div class=\"elementor-column elementor-col-100 elementor-top-column elementor-element elementor-element-46351a6\" data-id=\"46351a6\" data-element_type=\"column\">\n\t\t\t<div class=\"elementor-widget-wrap elementor-element-populated\">\n\t\t\t\t\t\t<div class=\"elementor-element elementor-element-bf0e9f6 elementor-shape-rounded elementor-grid-0 e-grid-align-center elementor-widget elementor-widget-social-icons\" data-id=\"bf0e9f6\" data-element_type=\"widget\" data-widget_type=\"social-icons.default\">\n\t\t\t\t<div class=\"elementor-widget-container\">\n\t\t\t\t\t\t\t<div class=\"elementor-social-icons-wrapper elementor-grid\">\n\t\t\t\t\t\t\t<span class=\"elementor-grid-item\">\n\t\t\t\t\t<a class=\"elementor-icon elementor-social-icon elementor-social-icon-facebook elementor-repeater-item-ce9494d\" href=\"https:\/\/www.facebook.com\/profile.php?id=100076239158340\" target=\"_blank\">\n\t\t\t\t\t\t<span class=\"elementor-screen-only\">Facebook<\/span>\n\t\t\t\t\t\t<i class=\"fab fa-facebook\"><\/i>\t\t\t\t\t<\/a>\n\t\t\t\t<\/span>\n\t\t\t\t\t\t\t<span class=\"elementor-grid-item\">\n\t\t\t\t\t<a class=\"elementor-icon elementor-social-icon elementor-social-icon-instagram elementor-repeater-item-f0b1350\" href=\"https:\/\/www.instagram.com\/elitgazifen\/\" target=\"_blank\">\n\t\t\t\t\t\t<span class=\"elementor-screen-only\">Instagram<\/span>\n\t\t\t\t\t\t<i class=\"fab fa-instagram\"><\/i>\t\t\t\t\t<\/a>\n\t\t\t\t<\/span>\n\t\t\t\t\t<\/div>\n\t\t\t\t\t\t<\/div>\n\t\t\t\t<\/div>\n\t\t\t\t\t<\/div>\n\t\t<\/div>\n\t\t\t\t\t<\/div>\n\t\t<\/section>\n\t\t\t\t<section class=\"elementor-section elementor-top-section elementor-element elementor-element-d99fbe9 elementor-section-boxed elementor-section-height-default elementor-section-height-default\" data-id=\"d99fbe9\" data-element_type=\"section\">\n\t\t\t\t\t\t<div class=\"elementor-container elementor-column-gap-default\">\n\t\t\t\t\t<div class=\"elementor-column elementor-col-100 elementor-top-column elementor-element elementor-element-f101a71\" data-id=\"f101a71\" data-element_type=\"column\">\n\t\t\t<div class=\"elementor-widget-wrap elementor-element-populated\">\n\t\t\t\t\t\t<div class=\"elementor-element elementor-element-80a27f2 elementor-widget elementor-widget-spacer\" data-id=\"80a27f2\" data-element_type=\"widget\" data-widget_type=\"spacer.default\">\n\t\t\t\t<div class=\"elementor-widget-container\">\n\t\t\t\t\t\t\t<div class=\"elementor-spacer\">\n\t\t\t<div class=\"elementor-spacer-inner\"><\/div>\n\t\t<\/div>\n\t\t\t\t\t\t<\/div>\n\t\t\t\t<\/div>\n\t\t\t\t\t<\/div>\n\t\t<\/div>\n\t\t\t\t\t<\/div>\n\t\t<\/section>\n\t\t\t\t<section class=\"elementor-section elementor-top-section elementor-element elementor-element-d7ffb7c elementor-section-boxed elementor-section-height-default elementor-section-height-default\" data-id=\"d7ffb7c\" data-element_type=\"section\">\n\t\t\t\t\t\t<div class=\"elementor-container elementor-column-gap-default\">\n\t\t\t\t\t<div class=\"elementor-column elementor-col-100 elementor-top-column elementor-element elementor-element-7a39a2b\" data-id=\"7a39a2b\" data-element_type=\"column\">\n\t\t\t<div class=\"elementor-widget-wrap elementor-element-populated\">\n\t\t\t\t\t\t<div class=\"elementor-element elementor-element-3821df2 elementor-widget elementor-widget-gva-heading-block\" data-id=\"3821df2\" data-element_type=\"widget\" data-widget_type=\"gva-heading-block.default\">\n\t\t\t\t<div class=\"elementor-widget-container\">\n\t\t\t\t\t<div class=\"gva-element-gva-heading-block gva-element\">   <div class=\"align-center style-1 widget gsc-heading\">\r\n      <div class=\"content-inner\">\r\n         \r\n                  \r\n                  \r\n                     <h2 class=\"title\">\r\n               <span>Bizimle ileti\u015fime ge\u00e7in<\/span>\r\n            <\/h2>\r\n         \r\n          \r\n\r\n         \r\n         \r\n      <\/div>\r\n   <\/div>\r\n   <div class=\"clearfix\"><\/div>\r\n<\/div>\t\t\t\t<\/div>\n\t\t\t\t<\/div>\n\t\t\t\t<div class=\"elementor-element elementor-element-e999300 width-600 walign-center elementor-widget elementor-widget-shortcode\" data-id=\"e999300\" data-element_type=\"widget\" data-widget_type=\"shortcode.default\">\n\t\t\t\t<div class=\"elementor-widget-container\">\n\t\t\t\t\t\t\t<div class=\"elementor-shortcode\">\n<div class=\"wpcf7 no-js\" id=\"wpcf7-f236-o1\" lang=\"en-US\" dir=\"ltr\">\n<div class=\"screen-reader-response\"><p role=\"status\" aria-live=\"polite\" aria-atomic=\"true\"><\/p> <ul><\/ul><\/div>\n<form action=\"\/index.php\/wp-json\/wp\/v2\/pages\/610#wpcf7-f236-o1\" method=\"post\" class=\"wpcf7-form init\" aria-label=\"Contact form\" novalidate=\"novalidate\" data-status=\"init\">\n<div style=\"display: none;\">\n<input type=\"hidden\" name=\"_wpcf7\" value=\"236\" \/>\n<input type=\"hidden\" name=\"_wpcf7_version\" value=\"5.8\" \/>\n<input type=\"hidden\" name=\"_wpcf7_locale\" value=\"en_US\" \/>\n<input type=\"hidden\" name=\"_wpcf7_unit_tag\" value=\"wpcf7-f236-o1\" \/>\n<input type=\"hidden\" name=\"_wpcf7_container_post\" value=\"0\" \/>\n<input type=\"hidden\" name=\"_wpcf7_posted_data_hash\" value=\"\" \/>\n<\/div>\n<div class=\"row\">\n   <div class=\"col-sm-6 col-xs-12\"><span class=\"wpcf7-form-control-wrap\" data-name=\"your-name\"><input size=\"40\" class=\"wpcf7-form-control wpcf7-text wpcf7-validates-as-required\" aria-required=\"true\" aria-invalid=\"false\" placeholder=\"Ad\u0131n\u0131z\" value=\"\" type=\"text\" name=\"your-name\" \/><\/span> <\/div>\n   <div class=\"col-sm-6 col-xs-12\"><span class=\"wpcf7-form-control-wrap\" data-name=\"your-email\"><input size=\"40\" class=\"wpcf7-form-control wpcf7-email wpcf7-validates-as-required wpcf7-text wpcf7-validates-as-email\" aria-required=\"true\" aria-invalid=\"false\" placeholder=\"E-posta\" value=\"\" type=\"email\" name=\"your-email\" \/><\/span> <\/div>\n<\/div>\n<div class=\"row\">\n   <div class=\"col-sm-12 col-xs-12\"><span class=\"wpcf7-form-control-wrap\" data-name=\"your-subject\"><input size=\"40\" class=\"wpcf7-form-control wpcf7-text\" aria-invalid=\"false\" placeholder=\"Konu\" value=\"\" type=\"text\" name=\"your-subject\" \/><\/span> <\/div>\n<\/div>\n<div class=\"row\">\n   <div class=\"col-sm-12 col-xs-12\"><span class=\"wpcf7-form-control-wrap\" data-name=\"rows:4\"><textarea cols=\"40\" rows=\"10\" class=\"wpcf7-form-control wpcf7-textarea\" aria-invalid=\"false\" placeholder=\"Mesaj\u0131n\u0131z\" name=\"rows:4\"><\/textarea><\/span> <\/div>\n   <div class=\"col-sm-12 col-xs-12 action text-center\"><input class=\"wpcf7-form-control wpcf7-submit has-spinner btn-theme\" type=\"submit\" value=\"Mesaj\u0131 G\u00f6nder\" \/><\/div>\n<\/div><div class=\"wpcf7-response-output\" aria-hidden=\"true\"><\/div>\n<\/form>\n<\/div>\n<\/div>\n\t\t\t\t\t\t<\/div>\n\t\t\t\t<\/div>\n\t\t\t\t\t<\/div>\n\t\t<\/div>\n\t\t\t\t\t<\/div>\n\t\t<\/section>\n\t\t\t\t<section class=\"elementor-section elementor-top-section elementor-element elementor-element-14f7b47 elementor-section-boxed elementor-section-height-default elementor-section-height-default\" data-id=\"14f7b47\" data-element_type=\"section\">\n\t\t\t\t\t\t<div class=\"elementor-container elementor-column-gap-default\">\n\t\t\t\t\t<div class=\"elementor-column elementor-col-100 elementor-top-column elementor-element elementor-element-ccd6c35\" data-id=\"ccd6c35\" data-element_type=\"column\">\n\t\t\t<div class=\"elementor-widget-wrap elementor-element-populated\">\n\t\t\t\t\t\t<div class=\"elementor-element elementor-element-083f68a elementor-widget elementor-widget-google_maps\" data-id=\"083f68a\" data-element_type=\"widget\" data-widget_type=\"google_maps.default\">\n\t\t\t\t<div class=\"elementor-widget-container\">\n\t\t\t\t\t\t\t<div class=\"elementor-custom-embed\">\n\t\t\t<iframe loading=\"lazy\"\n\t\t\t\t\tsrc=\"https:\/\/maps.google.com\/maps?q=Bat%C4%B1kent%2C%20Adnan%20%C4%B0nan%C4%B1c%C4%B1%20Cd.%20no%3A45%2C%2027000%20%C5%9Eehitkamil%2FGaziantep&#038;t=m&#038;z=10&#038;output=embed&#038;iwloc=near\"\n\t\t\t\t\ttitle=\"Bat\u0131kent, Adnan \u0130nan\u0131c\u0131 Cd. no:45, 27000 \u015eehitkamil\/Gaziantep\"\n\t\t\t\t\taria-label=\"Bat\u0131kent, Adnan \u0130nan\u0131c\u0131 Cd. no:45, 27000 \u015eehitkamil\/Gaziantep\"\n\t\t\t><\/iframe>\n\t\t<\/div>\n\t\t\t\t\t\t<\/div>\n\t\t\t\t<\/div>\n\t\t\t\t\t<\/div>\n\t\t<\/div>\n\t\t\t\t\t<\/div>\n\t\t<\/section>\n\t\t\t\t<\/div>\n\t\t","protected":false},"excerpt":{"rendered":"<p>Email Adresi infop@gaziantepelitegitim.com Konumumuz Bat\u0131kent, Adnan \u0130nan\u0131c\u0131 Cd. no:45, 27000 \u015eehitkamil\/Gaziantep \u0130leti\u015fim Hatlar\u0131m\u0131z Karata\u015f 1. B\u00f6lge : 0 535 715 [&hellip;]<\/p>\n","protected":false},"author":1,"featured_media":0,"parent":0,"menu_order":0,"comment_status":"closed","ping_status":"closed","template":"","meta":{"footnotes":""},"class_list":["post-610","page","type-page","status-publish","hentry"],"aioseo_notices":[],"_links":{"self":[{"href":"https:\/\/gaziantepelitegitim.com\/index.php\/wp-json\/wp\/v2\/pages\/610","targetHints":{"allow":["GET"]}}],"collection":[{"href":"https:\/\/gaziantepelitegitim.com\/index.php\/wp-json\/wp\/v2\/pages"}],"about":[{"href":"https:\/\/gaziantepelitegitim.com\/index.php\/wp-json\/wp\/v2\/types\/page"}],"author":[{"embeddable":true,"href":"https:\/\/gaziantepelitegitim.com\/index.php\/wp-json\/wp\/v2\/users\/1"}],"replies":[{"embeddable":true,"href":"https:\/\/gaziantepelitegitim.com\/index.php\/wp-json\/wp\/v2\/comments?post=610"}],"version-history":[{"count":34,"href":"https:\/\/gaziantepelitegitim.com\/index.php\/wp-json\/wp\/v2\/pages\/610\/revisions"}],"predecessor-version":[{"id":7451,"href":"https:\/\/gaziantepelitegitim.com\/index.php\/wp-json\/wp\/v2\/pages\/610\/revisions\/7451"}],"wp:attachment":[{"href":"https:\/\/gaziantepelitegitim.com\/index.php\/wp-json\/wp\/v2\/media?parent=610"}],"curies":[{"name":"wp","href":"https:\/\/api.w.org\/{rel}","templated":true}]}}