{"id":6286,"date":"2019-08-27T02:47:15","date_gmt":"2019-08-27T02:47:15","guid":{"rendered":"https:\/\/gaviaspreview.com\/wp\/kipso\/?page_id=6286"},"modified":"2023-09-07T13:56:33","modified_gmt":"2023-09-07T10:56:33","slug":"kurslarimiz","status":"publish","type":"page","link":"https:\/\/gaziantepelitegitim.com\/index.php\/kurslarimiz\/","title":{"rendered":"Kurslar\u0131m\u0131z"},"content":{"rendered":"\t\t<div data-elementor-type=\"wp-post\" data-elementor-id=\"6286\" class=\"elementor elementor-6286\">\n\t\t\t\t\t\t<section class=\"elementor-section elementor-top-section elementor-element elementor-element-d2683a1 elementor-section-boxed elementor-section-height-default elementor-section-height-default\" data-id=\"d2683a1\" data-element_type=\"section\">\n\t\t\t\t\t\t<div class=\"elementor-container elementor-column-gap-default\">\n\t\t\t\t\t<div class=\"elementor-column elementor-col-100 elementor-top-column elementor-element elementor-element-6394b80\" data-id=\"6394b80\" data-element_type=\"column\">\n\t\t\t<div class=\"elementor-widget-wrap elementor-element-populated\">\n\t\t\t\t\t\t<section class=\"elementor-section elementor-inner-section elementor-element elementor-element-f6342db elementor-section-boxed elementor-section-height-default elementor-section-height-default\" data-id=\"f6342db\" data-element_type=\"section\">\n\t\t\t\t\t\t<div class=\"elementor-container elementor-column-gap-default\">\n\t\t\t\t\t<div class=\"elementor-column elementor-col-33 elementor-inner-column elementor-element elementor-element-b970c5b\" data-id=\"b970c5b\" data-element_type=\"column\">\n\t\t\t<div class=\"elementor-widget-wrap elementor-element-populated\">\n\t\t\t\t\t\t<div class=\"elementor-element elementor-element-166a60f elementor-position-top elementor-widget elementor-widget-image-box\" data-id=\"166a60f\" data-element_type=\"widget\" data-widget_type=\"image-box.default\">\n\t\t\t\t<div class=\"elementor-widget-container\">\n\t\t\t\t\t<div class=\"elementor-image-box-wrapper\"><figure class=\"elementor-image-box-img\"><img fetchpriority=\"high\" decoding=\"async\" width=\"501\" height=\"501\" src=\"https:\/\/gaziantepelitegitim.com\/wp-content\/uploads\/2023\/09\/TYT.png\" class=\"attachment-full size-full wp-image-7305\" alt=\"\" \/><\/figure><div class=\"elementor-image-box-content\"><h3 class=\"elementor-image-box-title\">TYT<\/h3><p class=\"elementor-image-box-description\">Say\u0131sal ve S\u00f6zel bran\u015flardaki e\u011fitmenlerimiz de\u011ferli \u00f6\u011frencilerimizi bu s\u0131nava haz\u0131rl\u0131yor<\/p><\/div><\/div>\t\t\t\t<\/div>\n\t\t\t\t<\/div>\n\t\t\t\t\t<\/div>\n\t\t<\/div>\n\t\t\t\t<div class=\"elementor-column elementor-col-33 elementor-inner-column elementor-element elementor-element-0a09d1d\" data-id=\"0a09d1d\" data-element_type=\"column\">\n\t\t\t<div class=\"elementor-widget-wrap elementor-element-populated\">\n\t\t\t\t\t\t<div class=\"elementor-element elementor-element-4ba50f1 elementor-position-top elementor-widget elementor-widget-image-box\" data-id=\"4ba50f1\" data-element_type=\"widget\" data-widget_type=\"image-box.default\">\n\t\t\t\t<div class=\"elementor-widget-container\">\n\t\t\t\t\t<div class=\"elementor-image-box-wrapper\"><figure class=\"elementor-image-box-img\"><img decoding=\"async\" width=\"501\" height=\"501\" src=\"https:\/\/gaziantepelitegitim.com\/wp-content\/uploads\/2023\/09\/AYT.png\" class=\"attachment-full size-full wp-image-7307\" alt=\"\" \/><\/figure><div class=\"elementor-image-box-content\"><h3 class=\"elementor-image-box-title\">AYT<\/h3><p class=\"elementor-image-box-description\">YKS'nin ikinci oturumu Her Alan\u0131n ayr\u0131 puanlama grubu bulunan AYT s\u0131nav\u0131na \u00f6\u011frencilerimizi Haz\u0131rl\u0131yoruz<\/p><\/div><\/div>\t\t\t\t<\/div>\n\t\t\t\t<\/div>\n\t\t\t\t\t<\/div>\n\t\t<\/div>\n\t\t\t\t<div class=\"elementor-column elementor-col-33 elementor-inner-column elementor-element elementor-element-33fbecf\" data-id=\"33fbecf\" data-element_type=\"column\">\n\t\t\t<div class=\"elementor-widget-wrap elementor-element-populated\">\n\t\t\t\t\t\t<div class=\"elementor-element elementor-element-a7c1334 elementor-position-top elementor-widget elementor-widget-image-box\" data-id=\"a7c1334\" data-element_type=\"widget\" data-widget_type=\"image-box.default\">\n\t\t\t\t<div class=\"elementor-widget-container\">\n\t\t\t\t\t<div class=\"elementor-image-box-wrapper\"><figure class=\"elementor-image-box-img\"><img decoding=\"async\" width=\"501\" height=\"501\" src=\"https:\/\/gaziantepelitegitim.com\/wp-content\/uploads\/2023\/09\/LGS.png\" class=\"attachment-full size-full wp-image-7313\" alt=\"\" \/><\/figure><div class=\"elementor-image-box-content\"><h3 class=\"elementor-image-box-title\">LGS<\/h3><p class=\"elementor-image-box-description\">\nLGS'ye haz\u0131rlanmak i\u00e7in do\u011fru adrestesiniz!\n\nUzman kadromuz, ki\u015fiye \u00f6zel e\u011fitim sistemimiz ve zengin i\u00e7erikli kaynaklar\u0131m\u0131zla LGS'de ba\u015far\u0131ya ula\u015fman\u0131z i\u00e7in \u00e7al\u0131\u015f\u0131yoruz.<\/p><\/div><\/div>\t\t\t\t<\/div>\n\t\t\t\t<\/div>\n\t\t\t\t\t<\/div>\n\t\t<\/div>\n\t\t\t\t\t<\/div>\n\t\t<\/section>\n\t\t\t\t\t<\/div>\n\t\t<\/div>\n\t\t\t\t\t<\/div>\n\t\t<\/section>\n\t\t\t\t<section class=\"elementor-section elementor-top-section elementor-element elementor-element-de8d478 elementor-section-boxed elementor-section-height-default elementor-section-height-default\" data-id=\"de8d478\" data-element_type=\"section\" data-settings=\"{&quot;background_background&quot;:&quot;classic&quot;}\">\n\t\t\t\t\t\t<div class=\"elementor-container elementor-column-gap-default\">\n\t\t\t\t\t<div class=\"elementor-column elementor-col-100 elementor-top-column elementor-element elementor-element-e35fbcc\" data-id=\"e35fbcc\" data-element_type=\"column\">\n\t\t\t<div class=\"elementor-widget-wrap elementor-element-populated\">\n\t\t\t\t\t\t<div class=\"elementor-element elementor-element-dc8661c elementor-widget elementor-widget-gva-heading-block\" data-id=\"dc8661c\" data-element_type=\"widget\" data-widget_type=\"gva-heading-block.default\">\n\t\t\t\t<div class=\"elementor-widget-container\">\n\t\t\t\t\t<div class=\"gva-element-gva-heading-block gva-element\">   <div class=\"align-center style-1 widget gsc-heading\">\r\n      <div class=\"content-inner\">\r\n         \r\n                  \r\n                  \r\n                     <h2 class=\"title\">\r\n               <span>Her bran\u015ftan uzman e\u011fitimci kadromuzla \u00f6\u011frenmeye ba\u015flay\u0131n<\/span>\r\n            <\/h2>\r\n         \r\n                     <div class=\"sub-title\"><span>\u00d6\u011frenmenin kolay ve e\u011flenceli haliyle tan\u0131\u015f\u0131n<\/span><\/div>\r\n          \r\n\r\n         \r\n                     <div class=\"heading-action\">\r\n                       <a href=\"#\" class=\"btn-theme btn-cta\">\r\n          Devam\u0131        <\/a>\r\n\r\n                    <\/div>\r\n         \r\n      <\/div>\r\n   <\/div>\r\n   <div class=\"clearfix\"><\/div>\r\n<\/div>\t\t\t\t<\/div>\n\t\t\t\t<\/div>\n\t\t\t\t\t<\/div>\n\t\t<\/div>\n\t\t\t\t\t<\/div>\n\t\t<\/section>\n\t\t\t\t<\/div>\n\t\t","protected":false},"excerpt":{"rendered":"<p>TYT Say\u0131sal ve S\u00f6zel bran\u015flardaki e\u011fitmenlerimiz de\u011ferli \u00f6\u011frencilerimizi bu s\u0131nava haz\u0131rl\u0131yor AYT YKS&#8217;nin ikinci oturumu Her Alan\u0131n ayr\u0131 puanlama grubu [&hellip;]<\/p>\n","protected":false},"author":1,"featured_media":0,"parent":0,"menu_order":0,"comment_status":"closed","ping_status":"closed","template":"","meta":{"footnotes":""},"class_list":["post-6286","page","type-page","status-publish","hentry"],"aioseo_notices":[],"_links":{"self":[{"href":"https:\/\/gaziantepelitegitim.com\/index.php\/wp-json\/wp\/v2\/pages\/6286","targetHints":{"allow":["GET"]}}],"collection":[{"href":"https:\/\/gaziantepelitegitim.com\/index.php\/wp-json\/wp\/v2\/pages"}],"about":[{"href":"https:\/\/gaziantepelitegitim.com\/index.php\/wp-json\/wp\/v2\/types\/page"}],"author":[{"embeddable":true,"href":"https:\/\/gaziantepelitegitim.com\/index.php\/wp-json\/wp\/v2\/users\/1"}],"replies":[{"embeddable":true,"href":"https:\/\/gaziantepelitegitim.com\/index.php\/wp-json\/wp\/v2\/comments?post=6286"}],"version-history":[{"count":14,"href":"https:\/\/gaziantepelitegitim.com\/index.php\/wp-json\/wp\/v2\/pages\/6286\/revisions"}],"predecessor-version":[{"id":7319,"href":"https:\/\/gaziantepelitegitim.com\/index.php\/wp-json\/wp\/v2\/pages\/6286\/revisions\/7319"}],"wp:attachment":[{"href":"https:\/\/gaziantepelitegitim.com\/index.php\/wp-json\/wp\/v2\/media?parent=6286"}],"curies":[{"name":"wp","href":"https:\/\/api.w.org\/{rel}","templated":true}]}}